{"id":752,"date":"2025-05-13T09:43:28","date_gmt":"2025-05-13T12:43:28","guid":{"rendered":"https:\/\/edicionesfhycs.unam.edu.ar\/?page_id=752"},"modified":"2025-12-16T13:21:56","modified_gmt":"2025-12-16T16:21:56","slug":"difusion-institucional-y-divulgacion","status":"publish","type":"page","link":"https:\/\/edicionesfhycs.unam.edu.ar\/?page_id=752","title":{"rendered":"Difusi\u00f3n Institucional y Divulgaci\u00f3n"},"content":{"rendered":"\t\t<div data-elementor-type=\"wp-page\" data-elementor-id=\"752\" class=\"elementor elementor-752\" data-elementor-post-type=\"page\">\n\t\t\t\t<div data-particle_enable=\"false\" data-particle-mobile-disabled=\"false\" class=\"elementor-element elementor-element-c69bc6f e-flex e-con-boxed e-con e-parent\" data-id=\"c69bc6f\" data-element_type=\"container\">\n\t\t\t\t\t<div class=\"e-con-inner\">\n\t\t\t\t<div class=\"elementor-element elementor-element-08d2bed elementor-widget elementor-widget-spacer\" data-id=\"08d2bed\" data-element_type=\"widget\" data-widget_type=\"spacer.default\">\n\t\t\t\t<div class=\"elementor-widget-container\">\n\t\t\t\t\t\t\t<div class=\"elementor-spacer\">\n\t\t\t<div class=\"elementor-spacer-inner\"><\/div>\n\t\t<\/div>\n\t\t\t\t\t\t<\/div>\n\t\t\t\t<\/div>\n\t\t\t\t\t<\/div>\n\t\t\t\t<\/div>\n\t\t<div data-particle_enable=\"false\" data-particle-mobile-disabled=\"false\" class=\"elementor-element elementor-element-de05599 e-flex e-con-boxed e-con e-parent\" data-id=\"de05599\" data-element_type=\"container\">\n\t\t\t\t\t<div class=\"e-con-inner\">\n\t\t\t\t<div class=\"elementor-element elementor-element-3245de9 elementor-widget elementor-widget-theme-post-title elementor-page-title elementor-widget-heading\" data-id=\"3245de9\" data-element_type=\"widget\" data-widget_type=\"theme-post-title.default\">\n\t\t\t\t<div class=\"elementor-widget-container\">\n\t\t\t\t\t<h1 class=\"elementor-heading-title elementor-size-default\">Difusi\u00f3n Institucional y Divulgaci\u00f3n<\/h1>\t\t\t\t<\/div>\n\t\t\t\t<\/div>\n\t\t\t\t\t<\/div>\n\t\t\t\t<\/div>\n\t\t<div data-particle_enable=\"false\" data-particle-mobile-disabled=\"false\" class=\"elementor-element elementor-element-a77e9d0 e-flex e-con-boxed e-con e-parent\" data-id=\"a77e9d0\" data-element_type=\"container\">\n\t\t\t\t\t<div class=\"e-con-inner\">\n\t\t\t\t<div class=\"elementor-element elementor-element-20779c1 elementor-widget elementor-widget-spacer\" data-id=\"20779c1\" data-element_type=\"widget\" data-widget_type=\"spacer.default\">\n\t\t\t\t<div class=\"elementor-widget-container\">\n\t\t\t\t\t\t\t<div class=\"elementor-spacer\">\n\t\t\t<div class=\"elementor-spacer-inner\"><\/div>\n\t\t<\/div>\n\t\t\t\t\t\t<\/div>\n\t\t\t\t<\/div>\n\t\t\t\t\t<\/div>\n\t\t\t\t<\/div>\n\t\t<div data-particle_enable=\"false\" data-particle-mobile-disabled=\"false\" class=\"elementor-element elementor-element-448f87e e-flex e-con-boxed e-con e-parent\" data-id=\"448f87e\" data-element_type=\"container\">\n\t\t\t\t\t<div class=\"e-con-inner\">\n\t\t\t\t<div class=\"elementor-element elementor-element-020da78 elementor-widget elementor-widget-eael-post-block\" data-id=\"020da78\" data-element_type=\"widget\" data-widget_type=\"eael-post-block.default\">\n\t\t\t\t<div class=\"elementor-widget-container\">\n\t\t\t\t\t<div id=\"eael-post-block-020da78\" class=\"eael-post-block post-block-style-default \">\n            <div class=\"eael-post-block-grid eael-post-appender eael-post-appender-020da78  \"><article class=\"eael-post-block-item eael-post-block-column\">\n        <div class=\"eael-post-block-item-holder\">\n            <div class=\"eael-post-block-item-holder-inner\"><div class=\"eael-entry-media\">\n                        <div class=\"eael-entry-overlay fade-in\"><i class=\"fas fa-long-arrow-alt-right\" aria-hidden=\"true\"><\/i><a href=\"https:\/\/edicionesfhycs.unam.edu.ar\/?p=835\"\n                        \n                        >\n                        <\/a>\n                        <\/div>\n                        <div class=\"eael-entry-thumbnail \">\n                            <img decoding=\"async\" src=\"https:\/\/edicionesfhycs.unam.edu.ar\/wp-content\/uploads\/2025\/08\/Portada.png\" alt=\"\">\n                        <\/div>\n                    <\/div><div class=\"eael-entry-wrapper\"><header class=\"eael-entry-header\"><h2 class=\"eael-entry-title\">\n                                        <a class=\"eael-grid-post-link\" href=\"https:\/\/edicionesfhycs.unam.edu.ar\/?p=835\" title=\"IX Congreso Nacional de Arqueolog\u00eda Hist\u00f3rica\">\n                                        IX Congreso Nacional de Arqueolog\u00eda Hist\u00f3rica\n                                        <\/a>\n\n                                    <\/h2><\/header><div class=\"eael-entry-content\"><div class=\"eael-grid-post-excerpt\"><p>Los Congresos Nacionales de Arqueolog\u00eda Hist\u00f3rica se han convertido en...<\/p><\/div><\/div>\n                    <\/div><\/div>\n        <\/div>\n    <\/article><article class=\"eael-post-block-item eael-post-block-column\">\n        <div class=\"eael-post-block-item-holder\">\n            <div class=\"eael-post-block-item-holder-inner\"><div class=\"eael-entry-media\">\n                        <div class=\"eael-entry-overlay fade-in\"><i class=\"fas fa-long-arrow-alt-right\" aria-hidden=\"true\"><\/i><a href=\"https:\/\/edicionesfhycs.unam.edu.ar\/?p=627\"\n                        \n                        >\n                        <\/a>\n                        <\/div>\n                        <div class=\"eael-entry-thumbnail \">\n                            <img decoding=\"async\" src=\"https:\/\/edicionesfhycs.unam.edu.ar\/wp-content\/uploads\/2025\/05\/Memorias-IIJLB-Portada_001.png\" alt=\"\">\n                        <\/div>\n                    <\/div><div class=\"eael-entry-wrapper\"><header class=\"eael-entry-header\"><h2 class=\"eael-entry-title\">\n                                        <a class=\"eael-grid-post-link\" href=\"https:\/\/edicionesfhycs.unam.edu.ar\/?p=627\" title=\"Memorias: II Jornadas de estudios socio antropol\u00f3gicos\">\n                                        Memorias: II Jornadas de estudios socio antropol\u00f3gicos\n                                        <\/a>\n\n                                    <\/h2><\/header><div class=\"eael-entry-content\"><div class=\"eael-grid-post-excerpt\"><p>Durante los d\u00edas mi\u00e9rcoles 6 y jueves 7 de diciembre...<\/p><\/div><\/div>\n                    <\/div><\/div>\n        <\/div>\n    <\/article><article class=\"eael-post-block-item eael-post-block-column\">\n        <div class=\"eael-post-block-item-holder\">\n            <div class=\"eael-post-block-item-holder-inner\"><div class=\"eael-entry-media\">\n                        <div class=\"eael-entry-overlay fade-in\"><i class=\"fas fa-long-arrow-alt-right\" aria-hidden=\"true\"><\/i><a href=\"https:\/\/edicionesfhycs.unam.edu.ar\/?p=613\"\n                        \n                        >\n                        <\/a>\n                        <\/div>\n                        <div class=\"eael-entry-thumbnail \">\n                            <img decoding=\"async\" src=\"https:\/\/edicionesfhycs.unam.edu.ar\/wp-content\/uploads\/2025\/05\/1o-Jornada-Academica-Portada_001.png\" alt=\"\">\n                        <\/div>\n                    <\/div><div class=\"eael-entry-wrapper\"><header class=\"eael-entry-header\"><h2 class=\"eael-entry-title\">\n                                        <a class=\"eael-grid-post-link\" href=\"https:\/\/edicionesfhycs.unam.edu.ar\/?p=613\" title=\"1 Jornadas Acad\u00e9micas de Trabajo Social\">\n                                        1 Jornadas Acad\u00e9micas de Trabajo Social\n                                        <\/a>\n\n                                    <\/h2><\/header><div class=\"eael-entry-content\"><div class=\"eael-grid-post-excerpt\"><p>La presente publicaci\u00f3n es el resultado de la 1\u00b0 Jornada...<\/p><\/div><\/div>\n                    <\/div><\/div>\n        <\/div>\n    <\/article><article class=\"eael-post-block-item eael-post-block-column\">\n        <div class=\"eael-post-block-item-holder\">\n            <div class=\"eael-post-block-item-holder-inner\"><div class=\"eael-entry-media\">\n                        <div class=\"eael-entry-overlay fade-in\"><i class=\"fas fa-long-arrow-alt-right\" aria-hidden=\"true\"><\/i><a href=\"https:\/\/edicionesfhycs.unam.edu.ar\/?p=280\"\n                        \n                        >\n                        <\/a>\n                        <\/div>\n                        <div class=\"eael-entry-thumbnail \">\n                            <img decoding=\"async\" src=\"https:\/\/edicionesfhycs.unam.edu.ar\/wp-content\/uploads\/2024\/09\/VI-Encuentro-Portada_001.png\" alt=\"\">\n                        <\/div>\n                    <\/div><div class=\"eael-entry-wrapper\"><header class=\"eael-entry-header\"><h2 class=\"eael-entry-title\">\n                                        <a class=\"eael-grid-post-link\" href=\"https:\/\/edicionesfhycs.unam.edu.ar\/?p=280\" title=\"VI Encuentro Latinoamericano de Estudios Transfronterizos\">\n                                        VI Encuentro Latinoamericano de Estudios Transfronterizos\n                                        <\/a>\n\n                                    <\/h2><\/header><div class=\"eael-entry-content\"><div class=\"eael-grid-post-excerpt\"><p>Integraci\u00f3n regional para el desarrollo sostenible<\/p><\/div><\/div>\n                    <\/div><\/div>\n        <\/div>\n    <\/article><\/div>\n\t\t<\/div>\t\t\t\t<\/div>\n\t\t\t\t<\/div>\n\t\t\t\t\t<\/div>\n\t\t\t\t<\/div>\n\t\t<div data-particle_enable=\"false\" data-particle-mobile-disabled=\"false\" class=\"elementor-element elementor-element-093d01e e-flex e-con-boxed e-con e-parent\" data-id=\"093d01e\" data-element_type=\"container\">\n\t\t\t\t\t<div class=\"e-con-inner\">\n\t\t\t\t<div class=\"elementor-element elementor-element-caec225 elementor-widget elementor-widget-spacer\" data-id=\"caec225\" data-element_type=\"widget\" data-widget_type=\"spacer.default\">\n\t\t\t\t<div class=\"elementor-widget-container\">\n\t\t\t\t\t\t\t<div class=\"elementor-spacer\">\n\t\t\t<div class=\"elementor-spacer-inner\"><\/div>\n\t\t<\/div>\n\t\t\t\t\t\t<\/div>\n\t\t\t\t<\/div>\n\t\t\t\t\t<\/div>\n\t\t\t\t<\/div>\n\t\t\t\t<\/div>\n\t\t","protected":false},"excerpt":{"rendered":"<p>Encuesta Nacional sobre actividades f\u00edsicas y deportes 2023 En este informe se presentan los resultados de la Encuesta&#8230; Leer Completo Memorias: II Jornadas de estudios socio antropol\u00f3gicos Durante los d\u00edas mi\u00e9rcoles 6 y jueves 7 de diciembre&#8230; Leer Completo 1 Jornadas Acad\u00e9micas de Trabajo Social La presente publicaci\u00f3n es el resultado de la 1\u00b0 Jornada&#8230; [&hellip;]<\/p>\n","protected":false},"author":2,"featured_media":0,"parent":520,"menu_order":0,"comment_status":"closed","ping_status":"closed","template":"","meta":{"_acf_changed":false,"footnotes":""},"class_list":["post-752","page","type-page","status-publish","hentry"],"acf":[],"_links":{"self":[{"href":"https:\/\/edicionesfhycs.unam.edu.ar\/index.php?rest_route=\/wp\/v2\/pages\/752"}],"collection":[{"href":"https:\/\/edicionesfhycs.unam.edu.ar\/index.php?rest_route=\/wp\/v2\/pages"}],"about":[{"href":"https:\/\/edicionesfhycs.unam.edu.ar\/index.php?rest_route=\/wp\/v2\/types\/page"}],"author":[{"embeddable":true,"href":"https:\/\/edicionesfhycs.unam.edu.ar\/index.php?rest_route=\/wp\/v2\/users\/2"}],"replies":[{"embeddable":true,"href":"https:\/\/edicionesfhycs.unam.edu.ar\/index.php?rest_route=%2Fwp%2Fv2%2Fcomments&post=752"}],"version-history":[{"count":3,"href":"https:\/\/edicionesfhycs.unam.edu.ar\/index.php?rest_route=\/wp\/v2\/pages\/752\/revisions"}],"predecessor-version":[{"id":758,"href":"https:\/\/edicionesfhycs.unam.edu.ar\/index.php?rest_route=\/wp\/v2\/pages\/752\/revisions\/758"}],"up":[{"embeddable":true,"href":"https:\/\/edicionesfhycs.unam.edu.ar\/index.php?rest_route=\/wp\/v2\/pages\/520"}],"wp:attachment":[{"href":"https:\/\/edicionesfhycs.unam.edu.ar\/index.php?rest_route=%2Fwp%2Fv2%2Fmedia&parent=752"}],"curies":[{"name":"wp","href":"https:\/\/api.w.org\/{rel}","templated":true}]}}