{"id":714,"date":"2025-05-13T09:33:29","date_gmt":"2025-05-13T12:33:29","guid":{"rendered":"https:\/\/edicionesfhycs.unam.edu.ar\/?page_id=714"},"modified":"2025-05-13T09:37:05","modified_gmt":"2025-05-13T12:37:05","slug":"investigacion-y-posgrado","status":"publish","type":"page","link":"https:\/\/edicionesfhycs.unam.edu.ar\/?page_id=714","title":{"rendered":"Investigaci\u00f3n y Posgrado"},"content":{"rendered":"\t\t<div data-elementor-type=\"wp-page\" data-elementor-id=\"714\" class=\"elementor elementor-714\" data-elementor-post-type=\"page\">\n\t\t\t\t<div data-particle_enable=\"false\" data-particle-mobile-disabled=\"false\" class=\"elementor-element elementor-element-d480e1f e-flex e-con-boxed e-con e-parent\" data-id=\"d480e1f\" data-element_type=\"container\">\n\t\t\t\t\t<div class=\"e-con-inner\">\n\t\t\t\t<div class=\"elementor-element elementor-element-82e6252 elementor-widget elementor-widget-spacer\" data-id=\"82e6252\" data-element_type=\"widget\" data-widget_type=\"spacer.default\">\n\t\t\t\t<div class=\"elementor-widget-container\">\n\t\t\t\t\t\t\t<div class=\"elementor-spacer\">\n\t\t\t<div class=\"elementor-spacer-inner\"><\/div>\n\t\t<\/div>\n\t\t\t\t\t\t<\/div>\n\t\t\t\t<\/div>\n\t\t\t\t\t<\/div>\n\t\t\t\t<\/div>\n\t\t<div data-particle_enable=\"false\" data-particle-mobile-disabled=\"false\" class=\"elementor-element elementor-element-f1fc621 e-flex e-con-boxed e-con e-parent\" data-id=\"f1fc621\" data-element_type=\"container\">\n\t\t\t\t\t<div class=\"e-con-inner\">\n\t\t<div data-particle_enable=\"false\" data-particle-mobile-disabled=\"false\" class=\"elementor-element elementor-element-c1fd6e9 e-con-full e-flex e-con e-child\" data-id=\"c1fd6e9\" data-element_type=\"container\">\n\t\t\t\t<div class=\"elementor-element elementor-element-cb091f7 elementor-widget elementor-widget-theme-post-title elementor-page-title elementor-widget-heading\" data-id=\"cb091f7\" data-element_type=\"widget\" data-widget_type=\"theme-post-title.default\">\n\t\t\t\t<div class=\"elementor-widget-container\">\n\t\t\t\t\t<h1 class=\"elementor-heading-title elementor-size-default\">Investigaci\u00f3n y Posgrado<\/h1>\t\t\t\t<\/div>\n\t\t\t\t<\/div>\n\t\t\t\t<\/div>\n\t\t\t\t\t<\/div>\n\t\t\t\t<\/div>\n\t\t<div data-particle_enable=\"false\" data-particle-mobile-disabled=\"false\" class=\"elementor-element elementor-element-a3022a4 e-flex e-con-boxed e-con e-parent\" data-id=\"a3022a4\" data-element_type=\"container\">\n\t\t\t\t\t<div class=\"e-con-inner\">\n\t\t\t\t<div class=\"elementor-element elementor-element-7bfed1b elementor-widget elementor-widget-spacer\" data-id=\"7bfed1b\" data-element_type=\"widget\" data-widget_type=\"spacer.default\">\n\t\t\t\t<div class=\"elementor-widget-container\">\n\t\t\t\t\t\t\t<div class=\"elementor-spacer\">\n\t\t\t<div class=\"elementor-spacer-inner\"><\/div>\n\t\t<\/div>\n\t\t\t\t\t\t<\/div>\n\t\t\t\t<\/div>\n\t\t\t\t\t<\/div>\n\t\t\t\t<\/div>\n\t\t<div data-particle_enable=\"false\" data-particle-mobile-disabled=\"false\" class=\"elementor-element elementor-element-e0d9350 e-flex e-con-boxed e-con e-parent\" data-id=\"e0d9350\" data-element_type=\"container\">\n\t\t\t\t\t<div class=\"e-con-inner\">\n\t\t<div data-particle_enable=\"false\" data-particle-mobile-disabled=\"false\" class=\"elementor-element elementor-element-5d05262 e-con-full e-flex e-con e-child\" data-id=\"5d05262\" data-element_type=\"container\">\n\t\t\t\t<div class=\"elementor-element elementor-element-b0c1e96 elementor-widget elementor-widget-eael-post-block\" data-id=\"b0c1e96\" data-element_type=\"widget\" data-widget_type=\"eael-post-block.default\">\n\t\t\t\t<div class=\"elementor-widget-container\">\n\t\t\t\t\t<div id=\"eael-post-block-b0c1e96\" class=\"eael-post-block post-block-style-default \">\n            <div class=\"eael-post-block-grid eael-post-appender eael-post-appender-b0c1e96  \"><article class=\"eael-post-block-item eael-post-block-column\">\n        <div class=\"eael-post-block-item-holder\">\n            <div class=\"eael-post-block-item-holder-inner\"><div class=\"eael-entry-media\">\n                        <div class=\"eael-entry-overlay fade-in\"><i class=\"fas fa-long-arrow-alt-right\" aria-hidden=\"true\"><\/i><a href=\"https:\/\/edicionesfhycs.unam.edu.ar\/?p=847\"\n                        \n                        >\n                        <\/a>\n                        <\/div>\n                        <div class=\"eael-entry-thumbnail \">\n                            <img decoding=\"async\" src=\"https:\/\/edicionesfhycs.unam.edu.ar\/wp-content\/uploads\/2025\/11\/Portada_Nueva.png\" alt=\"\">\n                        <\/div>\n                    <\/div><div class=\"eael-entry-wrapper\"><header class=\"eael-entry-header\"><h2 class=\"eael-entry-title\">\n                                        <a class=\"eael-grid-post-link\" href=\"https:\/\/edicionesfhycs.unam.edu.ar\/?p=847\" title=\"Intercambiando perspectivas, metodolog\u00edas y conclusiones\">\n                                        Intercambiando perspectivas, metodolog\u00edas y conclusiones\n                                        <\/a>\n\n                                    <\/h2><\/header><div class=\"eael-entry-content\"><div class=\"eael-grid-post-excerpt\"><p>En un din\u00e1mico y cambiante mundo acad\u00e9mico actual, las \u00e1reas...<\/p><\/div><\/div>\n                    <\/div><\/div>\n        <\/div>\n    <\/article><article class=\"eael-post-block-item eael-post-block-column\">\n        <div class=\"eael-post-block-item-holder\">\n            <div class=\"eael-post-block-item-holder-inner\"><div class=\"eael-entry-media\">\n                        <div class=\"eael-entry-overlay fade-in\"><i class=\"fas fa-long-arrow-alt-right\" aria-hidden=\"true\"><\/i><a href=\"https:\/\/edicionesfhycs.unam.edu.ar\/?p=828\"\n                        \n                        >\n                        <\/a>\n                        <\/div>\n                        <div class=\"eael-entry-thumbnail \">\n                            <img decoding=\"async\" src=\"https:\/\/edicionesfhycs.unam.edu.ar\/wp-content\/uploads\/2025\/11\/Portada_2.png\" alt=\"\">\n                        <\/div>\n                    <\/div><div class=\"eael-entry-wrapper\"><header class=\"eael-entry-header\"><h2 class=\"eael-entry-title\">\n                                        <a class=\"eael-grid-post-link\" href=\"https:\/\/edicionesfhycs.unam.edu.ar\/?p=828\" title=\"Pol\u00edticas para la Industria Creativa y el desarrollo en la frontera de Brasil y Argentina\">\n                                        Pol\u00edticas para la Industria Creativa y el desarrollo en la frontera de Brasil y Argentina\n                                        <\/a>\n\n                                    <\/h2><\/header><div class=\"eael-entry-content\"><div class=\"eael-grid-post-excerpt\"><p>Universidad Nacional de Misiones (Argentina)Universidade Federal do Pampa (Brasil) Este...<\/p><\/div><\/div>\n                    <\/div><\/div>\n        <\/div>\n    <\/article><article class=\"eael-post-block-item eael-post-block-column\">\n        <div class=\"eael-post-block-item-holder\">\n            <div class=\"eael-post-block-item-holder-inner\"><div class=\"eael-entry-media\">\n                        <div class=\"eael-entry-overlay fade-in\"><i class=\"fas fa-long-arrow-alt-right\" aria-hidden=\"true\"><\/i><a href=\"https:\/\/edicionesfhycs.unam.edu.ar\/?p=808\"\n                        \n                        >\n                        <\/a>\n                        <\/div>\n                        <div class=\"eael-entry-thumbnail \">\n                            <img decoding=\"async\" src=\"https:\/\/edicionesfhycs.unam.edu.ar\/wp-content\/uploads\/2025\/05\/Portada.png\" alt=\"\">\n                        <\/div>\n                    <\/div><div class=\"eael-entry-wrapper\"><header class=\"eael-entry-header\"><h2 class=\"eael-entry-title\">\n                                        <a class=\"eael-grid-post-link\" href=\"https:\/\/edicionesfhycs.unam.edu.ar\/?p=808\" title=\"Los cuidados en movimiento. Testimonios visuales de la CTD-AV(Posadas, Misiones)\">\n                                        Los cuidados en movimiento. Testimonios visuales de la CTD-AV(Posadas, Misiones)\n                                        <\/a>\n\n                                    <\/h2><\/header><div class=\"eael-entry-content\"><div class=\"eael-grid-post-excerpt\"><p>La Coordinadora de Trabajadores Desocupados An\u00edbal Ver\u00f3n (CTD-AV) surge en...<\/p><\/div><\/div>\n                    <\/div><\/div>\n        <\/div>\n    <\/article><article class=\"eael-post-block-item eael-post-block-column\">\n        <div class=\"eael-post-block-item-holder\">\n            <div class=\"eael-post-block-item-holder-inner\"><div class=\"eael-entry-media\">\n                        <div class=\"eael-entry-overlay fade-in\"><i class=\"fas fa-long-arrow-alt-right\" aria-hidden=\"true\"><\/i><a href=\"https:\/\/edicionesfhycs.unam.edu.ar\/?p=639\"\n                        \n                        >\n                        <\/a>\n                        <\/div>\n                        <div class=\"eael-entry-thumbnail \">\n                            <img decoding=\"async\" src=\"https:\/\/edicionesfhycs.unam.edu.ar\/wp-content\/uploads\/2025\/05\/Portada-1.png\" alt=\"\">\n                        <\/div>\n                    <\/div><div class=\"eael-entry-wrapper\"><header class=\"eael-entry-header\"><h2 class=\"eael-entry-title\">\n                                        <a class=\"eael-grid-post-link\" href=\"https:\/\/edicionesfhycs.unam.edu.ar\/?p=639\" title=\"Juegos Nacionales Evita\">\n                                        Juegos Nacionales Evita\n                                        <\/a>\n\n                                    <\/h2><\/header><div class=\"eael-entry-content\"><div class=\"eael-grid-post-excerpt\"><p>La pr\u00e1ctica deportiva es fundamental para el desarrollo integral de...<\/p><\/div><\/div>\n                    <\/div><\/div>\n        <\/div>\n    <\/article><\/div>\n\t\t<\/div>            <div class=\"eael-load-more-button-wrap eael-force-hide\">\n                <button class=\"eael-load-more-button\" id=\"eael-load-more-btn-b0c1e96\" data-widget-id=\"b0c1e96\" data-widget=\"b0c1e96\" data-page-id=\"714\" data-template=\"{&quot;dir&quot;:&quot;pro&quot;,&quot;file_name&quot;:&quot;default.php&quot;,&quot;name&quot;:&quot;Post-Block&quot;}\" data-class=\"Essential_Addons_Elementor\\Pro\\Elements\\Post_Block\" data-layout=\"\" data-page=\"1\" data-args=\"orderby=date&amp;order=desc&amp;ignore_sticky_posts=1&amp;post_status=publish&amp;posts_per_page=4&amp;offset=0&amp;post_type=post&amp;tax_query%5B0%5D%5Btaxonomy%5D=category&amp;tax_query%5B0%5D%5Bfield%5D=term_id&amp;tax_query%5B0%5D%5Bterms%5D%5B0%5D=14&amp;tax_query%5Brelation%5D=AND\" data-max-page=\"3\">\n                    <span class=\"eael-btn-loader button__loader\"><\/span>\n                    <span class=\"eael_load_more_text\"><\/span>\n                <\/button>\n            <\/div>\n            \t\t\t\t<\/div>\n\t\t\t\t<\/div>\n\t\t\t\t<\/div>\n\t\t\t\t\t<\/div>\n\t\t\t\t<\/div>\n\t\t\t\t<\/div>\n\t\t","protected":false},"excerpt":{"rendered":"<p>Juegos Nacionales Evita La pr\u00e1ctica deportiva es fundamental para el desarrollo integral de&#8230; Leer Completo V Seminario Internacional de los espacios de Frontera: Territorialidades y Sujetos transfronterizos El V Seminario Internacional de los Espacios de Frontera (V&#8230; Leer Completo Mujeres Piqueteras II En 2008 vio la luz un libro acontecimental debido a&#8230; Leer Completo Misiones [&hellip;]<\/p>\n","protected":false},"author":2,"featured_media":0,"parent":520,"menu_order":0,"comment_status":"closed","ping_status":"closed","template":"","meta":{"_acf_changed":false,"footnotes":""},"class_list":["post-714","page","type-page","status-publish","hentry"],"acf":[],"_links":{"self":[{"href":"https:\/\/edicionesfhycs.unam.edu.ar\/index.php?rest_route=\/wp\/v2\/pages\/714"}],"collection":[{"href":"https:\/\/edicionesfhycs.unam.edu.ar\/index.php?rest_route=\/wp\/v2\/pages"}],"about":[{"href":"https:\/\/edicionesfhycs.unam.edu.ar\/index.php?rest_route=\/wp\/v2\/types\/page"}],"author":[{"embeddable":true,"href":"https:\/\/edicionesfhycs.unam.edu.ar\/index.php?rest_route=\/wp\/v2\/users\/2"}],"replies":[{"embeddable":true,"href":"https:\/\/edicionesfhycs.unam.edu.ar\/index.php?rest_route=%2Fwp%2Fv2%2Fcomments&post=714"}],"version-history":[{"count":8,"href":"https:\/\/edicionesfhycs.unam.edu.ar\/index.php?rest_route=\/wp\/v2\/pages\/714\/revisions"}],"predecessor-version":[{"id":728,"href":"https:\/\/edicionesfhycs.unam.edu.ar\/index.php?rest_route=\/wp\/v2\/pages\/714\/revisions\/728"}],"up":[{"embeddable":true,"href":"https:\/\/edicionesfhycs.unam.edu.ar\/index.php?rest_route=\/wp\/v2\/pages\/520"}],"wp:attachment":[{"href":"https:\/\/edicionesfhycs.unam.edu.ar\/index.php?rest_route=%2Fwp%2Fv2%2Fmedia&parent=714"}],"curies":[{"name":"wp","href":"https:\/\/api.w.org\/{rel}","templated":true}]}}